{"id":36,"date":"2017-09-30T15:30:35","date_gmt":"2017-09-30T13:30:35","guid":{"rendered":"http:\/\/sedetiam-conseil.fr\/?page_id=36"},"modified":"2025-06-03T17:54:34","modified_gmt":"2025-06-03T15:54:34","slug":"a-propos-de","status":"publish","type":"page","link":"https:\/\/sedetiam-conseil.fr\/index.php\/a-propos-de\/","title":{"rendered":"Nos r\u00e9f\u00e9rences"},"content":{"rendered":"<p><span style=\"color: #ff6600;\"><strong>Evaluation et accompagnement \u00e0 l&#8217;\u00e9laboration et la mise en \u0153uvre de politiques et programmes de sant\u00e9 globale, sant\u00e9-environnement, Une seule sant\u00e9 :\u00a0<\/strong><\/span><\/p>\n<ul>\n<li><strong>Parc naturel r\u00e9gional des Ardennes<\/strong> : Prestation de compilation d\u2019\u00e9tudes et exp\u00e9rimentations en mati\u00e8re de soin par la nature, reproductibles sur le territoire ardennais dans le cadre du programme INTERREG Ardenne Good Life (en cours)<\/li>\n<li><strong>Pr\u00e9fecture de r\u00e9gion, Agence r\u00e9gionale de sant\u00e9 et R\u00e9gion Nouvelle-Aquitaine<\/strong> : appui \u00e0 l&#8217;\u00e9laboration du Plan R\u00e9gional Sant\u00e9-Environnement 4 Nouvelle-Aquitaine (2024-2025)<\/li>\n<li><strong>Pr\u00e9fecture de r\u00e9gion, Agence r\u00e9gionale de sant\u00e9 et R\u00e9gion Hauts-de-France <\/strong>: \u00e9valuation du PRSE3 et appui \u00e0 l&#8217;\u00e9laboration du PRSE 4 (2024)<\/li>\n<li><strong>Pr\u00e9fecture de r\u00e9gion, Agence r\u00e9gionale de sant\u00e9, DREAL et DRAAF Auvergne-Rh\u00f4ne-Alpes<\/strong> : appui \u00e0 l&#8217;\u00e9laboration et la mise en \u0153uvre du Plan R\u00e9gional Sant\u00e9-Environnement 4 Auvergne-Rh\u00f4ne-Alpes (depuis octobre 2022)<\/li>\n<li><strong>Pr\u00e9fecture de r\u00e9gion, Agence r\u00e9gionale de sant\u00e9, DREAL et R\u00e9gion Normandie<\/strong> : appui \u00e0 l&#8217;\u00e9laboration du Plan R\u00e9gional Sant\u00e9-Environnement 4 Normandie (2023)<\/li>\n<li><strong>Pr\u00e9fecture de r\u00e9gion, Agence r\u00e9gionale de sant\u00e9 et R\u00e9gion Bretagne<\/strong>\u00a0: appui \u00e0 l&#8217;\u00e9laboration du Plan R\u00e9gional Sant\u00e9-Environnement 4 Bretagne (2022-2023)<\/li>\n<li><strong>ARS Auvergne-Rh\u00f4ne-Alpes\u00a0<\/strong>: appui au d\u00e9ploiement de l\u2019acculturation des personnes responsables de la production et de la distribution de l\u2019eau (PRPDE) aux Plans de gestion de la s\u00e9curit\u00e9 sanitaire des eaux (PGSSE) (2022-2023)<\/li>\n<li><strong>ARS Nouvelle<\/strong>&#8211;<strong>Aquitaine <\/strong>: \u00e9valuation de la d\u00e9marche d\u2019accompagnement \u00e0 la mise en place des PGSSE (2022-2023)<\/li>\n<li><strong>Pr\u00e9fecture de r\u00e9gion, Agence r\u00e9gionale de sant\u00e9 et R\u00e9gion Grand Est : <\/strong>appui \u00e0 l&#8217;\u00e9laboration du Plan R\u00e9gional Sant\u00e9-Environnement 4 Grand Est (2021-2022)<\/li>\n<li><strong>Pr\u00e9fecture de r\u00e9gion, Agence r\u00e9gionale de sant\u00e9 et R\u00e9gion Nouvelle-Aquitaine : <\/strong>\u00e9valuation du Plan R\u00e9gional Sant\u00e9-Environnement Nouvelle-Aquitaine (2022-2023)<\/li>\n<li><strong>Pr\u00e9fecture de r\u00e9gion, Agence r\u00e9gionale de sant\u00e9 et DREAL Auvergne-Rh\u00f4ne-Alpes<\/strong> : appui \u00e0 la mise en \u0153uvre du Plan R\u00e9gional Sant\u00e9-Environnement 3 Auvergne-Rh\u00f4ne-Alpes 2017-2021 (2017-2021)<\/li>\n<li><strong>R\u00e9gion Nouvelle-Aquitaine\u00a0: <\/strong>\u00e9valuation de la Feuille de route \u00ab Sant\u00e9 \u00bb de la R\u00e9gion sur les champs de la pr\u00e9vention \u2013 promotion de la sant\u00e9 et de la sant\u00e9 environnementale (avec Itinere et Quadrant) (2021)<\/li>\n<li><strong>DREAL Auvergne-Rh\u00f4ne-Alpes\u00a0: <\/strong>appui \u00e0 la mise en \u0153uvre de l\u2019appel \u00e0 manifestation d\u2019int\u00e9r\u00eat aupr\u00e8s des EPCI de la r\u00e9gion AURA pour int\u00e9grer le lien entre la qualit\u00e9 de l\u2019air et la sant\u00e9 dans les PCAET (2020)<\/li>\n<li><strong>DREAL et Agence r\u00e9gionale de sant\u00e9 Auvergne &#8211; Rh\u00f4ne-Alpes\u00a0: <\/strong>assistance \u00e0 Ma\u00eetrise d\u2019Ouvrage pour l\u2019\u00e9laboration du Plan R\u00e9gional Sant\u00e9-Environnement Auvergne-Rh\u00f4ne-Alpes 2017-2021 (2016-2017)<\/li>\n<li><strong>DREAL Auvergne &#8211; Rh\u00f4ne-Alpes \u2013 Unit\u00e9 Territoriale de l\u2019Is\u00e8re\u00a0: <\/strong>assistance \u00e0 Ma\u00eetrise d\u2019Ouvrage pour la pr\u00e9paration et l\u2019animation du s\u00e9minaire de lancement de la Commission \u00ab Sant\u00e9-Environnement \u00bb du Secr\u00e9tariat Permanent pour la Pr\u00e9vention des Pollutions et des risques dans la r\u00e9gion grenobloise (2016)<\/li>\n<li><strong>Agence r\u00e9gionale de sant\u00e9 Auvergne-Rh\u00f4ne-Alpes\u00a0:<\/strong> \u00e9valuation finale du Plan R\u00e9gional Sant\u00e9-Environnement 2010-2014 (2014)\u00a0=&gt;<a href=\"http:\/\/www.prse2-rhonealpes.fr\/content\/download\/2194\/8899\/file\/PRSE2%20RA-Evaluation_mai%202015.pdf\">\u00a0rapport final<\/a><\/li>\n<\/ul>\n<p><strong><span style=\"color: #ff6600;\">Appui \u00e0 l&#8217;\u00e9laboration de Contrats locaux de sant\u00e9<\/span><\/strong><\/p>\n<ul>\n<li><strong>Villes de Feyzin et Corbas (69) : <\/strong>appui \u00e0 l&#8217;\u00e9laboration du Contrat local de sant\u00e9 intercommunal (en cours)<\/li>\n<li><strong>Communaut\u00e9 de communes de Charlieu-Belmont (42) : <\/strong>appui \u00e0 l&#8217;\u00e9laboration du Contrat local de sant\u00e9 (en cours)<\/li>\n<li><strong>Eurom\u00e9tropole de Strasbourg<\/strong> : appui \u00e0 l&#8217;\u00e9laboration du volet &#8220;sant\u00e9-environnement&#8221; du Contrat local de sant\u00e9 de l&#8217;Eurom\u00e9tropole (2021)<\/li>\n<\/ul>\n<p><span style=\"color: #ff6600;\"><strong>Evaluation de politiques et programmes de sant\u00e9 publique et dans le champ m\u00e9dico-social<\/strong><\/span><\/p>\n<ul>\n<li><strong>Caisse nationale de l&#8217;assurance maladie (pour le Fonds de lutte contre les addictions) : <\/strong>\u00e9valuation de la d\u00e9marche des Lieux de sant\u00e9 sans tabac (avec Pluricit\u00e9) (en cours)<\/li>\n<li><strong>Alliance contre le tabac<\/strong> : \u00e9valuation du programme de d\u00e9normalisation du tabac en France (2023-2024)<\/li>\n<li><strong>Caisse nationale de l&#8217;assurance maladie (pour le Fonds de lutte contre les addictions) : <\/strong>\u00e9valuation des projets de r\u00e9duction des risques et des dommages li\u00e9s \u00e0 l&#8217;alcool (avec Pluricit\u00e9) (2023-2024)<\/li>\n<li><strong>Caisse nationale de l&#8217;assurance maladie (pour le Fonds de lutte contre les addictions) : <\/strong>\u00e9valuation des Espaces sans tabac (avec Pluricit\u00e9) (2022-2023) =&gt;<a href=\"https:\/\/www.assurance-maladie.ameli.fr\/sites\/default\/files\/Rapport_%C3%A9valuation_EST_VD.pdf\">Rapport d&#8217;\u00e9valuation<\/a><\/li>\n<li><strong>ADPAH du Pays voironnais\u00a0 : <\/strong>appui \u00e0 l&#8217;\u00e9laboration du projet de service &#8220;aide et soin&#8221; (2022)<\/li>\n<li><strong>Caisse nationale de l&#8217;assurance maladie (pour le Fonds de lutte contre les addictions) : <\/strong>\u00e9valuation des d\u00e9marches de pr\u00e9vention par les pairs dans le champ des addictions (avec Pluricit\u00e9) (2022) =&gt; <a href=\"https:\/\/www.assurance-maladie.ameli.fr\/sites\/default\/files\/Rapport%20final_Evaluation%20prevention%20pairs.pdf\">Rapport d&#8217;\u00e9valuation<\/a><\/li>\n<li><strong>ARS Auvergne &#8211; Rh\u00f4ne-Alpes\u00a0: <\/strong>\u00e9valuation du Projet R\u00e9gional de Sant\u00e9 de l\u2019ex-r\u00e9gion Auvergne 2012-2016 sur les parcours de sant\u00e9 (2017)<\/li>\n<li><strong>ARS Auvergne-Rh\u00f4ne-Alpes<\/strong> : \u00e9valuation interm\u00e9diaire puis finale du Projet R\u00e9gional de Sant\u00e9 2012-2017 (2014-2016) =&gt;<a href=\"https:\/\/www.auvergne-rhone-alpes.ars.sante.fr\/system\/files\/2017-06\/Synth%C3%A8se%20RF%20Eval%20finale%20PRS%20VF.pdf\">Synth\u00e8se de l&#8217;\u00e9valuation<\/a><\/li>\n<li><strong>ARS Ile-de-France : <\/strong>\u00e9tude et analyse du r\u00f4le et de la place des centres de sant\u00e9 dits \u00ab humanitaires \u00bb dans l&#8217;offre de soins francilienne (2015)<\/li>\n<li><strong>Association HUMATEM\u00a0: <\/strong>\u00e9valuation du programme d\u2019actions Europ\u2019Aid \u00ab Renforcement des outils de coop\u00e9ration et structuration du dialogue entre les acteurs du don de mat\u00e9riel m\u00e9dical (2014)<\/li>\n<li><strong>Agence R\u00e9gionale de Sant\u00e9 Ile-de-France : <\/strong>\u00e9valuation des 4 r\u00e9seaux de sant\u00e9 \u00ab diab\u00e8te \u00bb de la r\u00e9gion Ile-de-France (2013)<\/li>\n<li><strong>Conseil d\u00e9partemental de Seine Saint-Denis\u00a0: <\/strong>\u00e9valuation de la politique d\u2019attribution de l\u2019Allocation D\u00e9partementale Personnalis\u00e9e pour l\u2019Autonomie (2012)<\/li>\n<li><strong>Agence R\u00e9gionale de Sant\u00e9 Auvergne : <\/strong>\u00e9valuation des structures d\u2019acc\u00e8s \u00e0 la pr\u00e9vention, aux soins et aux droits des personnes les plus d\u00e9munies en r\u00e9gion Auvergne (2011)<\/li>\n<li><strong>Agence R\u00e9gionale de Sant\u00e9 de Guadeloupe : <\/strong>\u00e9valuation du Plan R\u00e9gional de Sant\u00e9 Publique de Guadeloupe 2006-2010 (2010)<\/li>\n<li><strong>Mission R\u00e9gionale de Sant\u00e9 PACA : <\/strong>\u00e9valuation externe des 11 r\u00e9seaux g\u00e9rontologiques et des 4 r\u00e9seaux de soins palliatifs de la r\u00e9gion PACA (2010)<\/li>\n<\/ul>\n<p><span style=\"color: #ff6600;\"><strong>Accompagnement et \u00e9valuation de politiques et projets dans le champ m\u00e9dico-social et enfance et famille<\/strong><\/span><\/p>\n<ul>\n<li><strong>D\u00e9partement de Vaucluse <\/strong>: appui \u00e0 la d\u00e9finition du Sch\u00e9ma d\u00e9partemental Enfance famille 2020-2026 (2023)<\/li>\n<li><strong>Agence r\u00e9gionale de sant\u00e9 Bourgogne-Franche-Comt\u00e9\u00a0: <\/strong>prestation d\u2019appui \u00e0 la structuration des plateformes de coordination et d\u2019orientation pour les enfants de 0 \u00e0 6 ans avec suspicion de troubles du neuro-d\u00e9veloppement (2022-2023)<\/li>\n<li><strong>Agence r\u00e9gionale de sant\u00e9 Grand Est\u00a0: <\/strong>prestation d\u2019appui \u00e0 la structuration des plateformes de coordination et d\u2019orientation pour les enfants de 0 \u00e0 6 ans avec suspicion de troubles du neuro-d\u00e9veloppement (2019-2021)<\/li>\n<li><strong>LAHSo (l\u2019Association de l\u2019H\u00f4tel Social)\u00a0: <\/strong>accompagnement \u00e0 l\u2019\u00e9laboration du CPOM relatif aux 3 CHRS de LAHSo (Lyon) (2021)<\/li>\n<li><strong>Agence r\u00e9gionale de sant\u00e9 Auvergne-Rh\u00f4ne-Alpes\u00a0: <\/strong>prestation d\u2019appui \u00e0 la structuration de la ligne 2 de parcours coordonn\u00e9 de bilan et d\u2019intervention pr\u00e9coce en direction des 0-6 ans en mati\u00e8re de trouble du neuro-d\u00e9veloppement et par d\u00e9partement (2021)<\/li>\n<li><strong>Agence r\u00e9gionale de sant\u00e9 Bourgogne-Franche-Comt\u00e9\u00a0: <\/strong>\u00e9valuation de l\u2019Equipe Mutualis\u00e9e Acod\u00e8ge SDAT (EMAS) sp\u00e9cialis\u00e9e dans l\u2019aller vers les populations en logement autonome souffrant de troubles psychiques \u00e0 Dijon (avec ST(E)ER) (2020)<\/li>\n<li><strong>Agence r\u00e9gionale de sant\u00e9 Auvergne-Rh\u00f4ne-Alpes\u00a0: <\/strong>assistance technique pluriannuelle \u00e0 l\u2019accompagnement du Programme R\u00e9gional de Lutte contre le Tabac 2019-2024 (avec PLURICITE) (2019-2024)<\/li>\n<li><strong>ARS Auvergne &#8211; Rh\u00f4ne-Alpes : <\/strong>appui \u00e0 la consolidation du Centre de ressources autisme Rh\u00f4ne-Alpes, \u00e0 la r\u00e9daction de son projet strat\u00e9gique, et\u00a0 \u00e0 sa collaboration avec le Centre de ressources autisme Auvergne (2017-2018)<\/li>\n<\/ul>\n<p><span style=\"color: #ff6600;\"><strong>Accompagnement et \u00e9valuation de politiques de d\u00e9veloppement territorial<\/strong><\/span><\/p>\n<ul>\n<li><strong>Pr\u00e9fecture de r\u00e9gion Bourgogne-Franche-Comt\u00e9\u00a0: <\/strong>\u00e9valuation ex ante des politiques de l\u2019\u00c9tat inscrites dans le volet territorial du CPER Bourgogne \u2013 Franche-Comt\u00e9 (2016)<\/li>\n<li><strong>Conseil r\u00e9gional Limousin : <\/strong>\u00e9valuation du Contrat de progr\u00e8s pour l\u2019\u00e9conomie du livre et du Contrat de Progr\u00e8s pour les m\u00e9tiers d\u2019art (2014-2015)<\/li>\n<li><strong>Pays de Bresse Bourguignonne : <\/strong>\u00e9valuation des dispositifs contractuels 2007-2013 (programme LEADER, Contrat de Pays, P\u00f4les d\u2019Excellence Rurale) et aide \u00e0 la pr\u00e9paration de la future p\u00e9riode de contractualisation (2014-2015)<\/li>\n<\/ul>\n<p><span style=\"color: #ff6600;\"><strong>AMO et \u00e9valuation de programmes europ\u00e9ens de d\u00e9veloppement socio-\u00e9conomique, de d\u00e9veloppement rural et de coop\u00e9ration<\/strong><\/span><\/p>\n<ul>\n<li><strong>PETR du Val de Lorraine<\/strong> :\u00a0 appui \u00e0 l&#8217;\u00e9laboration de la candidature LEADER 2023-2027 du PETR (2022-2023)<\/li>\n<li><strong>Syndicat de l&#8217;Ouest lyonnais &#8211; Communaut\u00e9 de l&#8217;Ouest rhodanien<\/strong> : \u00e9valuation crois\u00e9e des deux programmes LEADER (2021)<\/li>\n<li><strong>Agence du Service civique\u00a0: <\/strong>Prestations d\u2019\u00e9valuation des projets re\u00e7us dans le cadre du programme Erasmus + Jeunesse et Sport (avec PLURICITE), 2019-2022<\/li>\n<li><strong>Minist\u00e8re du Travail &#8211; DGEFP :<\/strong> \u00e9valuation de l&#8217;innovation au sein de l&#8217;Initiative pour l&#8217;Emploi des Jeunes (IEJ) (2018)<\/li>\n<li><strong>Association pour le D\u00e9veloppement Rural de la R\u00e9union : <\/strong>\u00e9valuation externe du programme LEADER 2007-2013 et aide \u00e0 la pr\u00e9paration de la future p\u00e9riode de contractualisation (2014-2015)<\/li>\n<li><strong>Pr\u00e9fecture de r\u00e9gion Centre \u2013 Val de Loire\u00a0: <\/strong>\u00e9valuation ex-post du Programme Op\u00e9rationnel FEDER Centre 2007-2013 (2015)<\/li>\n<li><strong>Agglom\u00e9ration de Cit\u00e9s en Champagne\u00a0<\/strong><strong>: <\/strong>appui \u00e0 l\u2019\u00e9laboration de la candidature de la Communaut\u00e9 d\u2019Agglom\u00e9ration \u00e0 l\u2019appel \u00e0 candidatures \u00ab Projet Urbain Int\u00e9gr\u00e9 \u00bb de l\u2019axe 5 du Programme Op\u00e9rationnel FEDER 2014-2020 de la r\u00e9gion Champagne-Ardenne (2015)<\/li>\n<li><strong>Pr\u00e9fecture de r\u00e9gion Aquitaine\u00a0: <\/strong>analyse portant sur le devenir des produits, proc\u00e9d\u00e9s et services innovants soutenus dans le cadre du PO FEDER 2007-2013 (2015)<\/li>\n<li><strong>Conseil r\u00e9gional PACA : <\/strong>assistance \u00e0 la d\u00e9finition de la strat\u00e9gie d\u2019\u00e9valuation des projets de coop\u00e9ration multi-modules du programme de coop\u00e9ration MED (2015)<\/li>\n<li><strong>Conseil r\u00e9gional de Franche-Comt\u00e9\u00a0: <\/strong>\u00e9valuation ex ante du Programme Op\u00e9rationnel de Coop\u00e9ration Territoriale Europ\u00e9enne France-Suisse 2014-2020 (2014)<\/li>\n<li><strong>Pr\u00e9fecture de r\u00e9gion et Conseil r\u00e9gional Ile-de-France et Languedoc-Roussillon : <\/strong>\u00e9valuation ex ante du Programme Op\u00e9rationnel FEDER-FSE 2014-2020 (2014)<\/li>\n<\/ul>\n<p><span style=\"color: #ff6600;\"><strong>Accompagnement et \u00e9valuation de politiques de l\u2019emploi<\/strong><\/span><\/p>\n<ul>\n<li><strong>Minist\u00e8re du travail \u2013 DGEFP\u00a0<\/strong>: \u00e9valuation de l\u2019Initiative pour l\u2019emploi des jeunes (IEJ) \u2013Volet \u00ab innovation \u00bb (2017)<\/li>\n<li><strong>UCANSS &#8211; UNIFORMATION\u00a0:<\/strong> \u00e9tude de la mobilit\u00e9 professionnelle interne dans les organismes de s\u00e9curit\u00e9 sociale du r\u00e9gime g\u00e9n\u00e9ral (2017)<\/li>\n<li><strong>Commissariat G\u00e9n\u00e9ral \u00e0 l\u2019Egalit\u00e9 des Territoires\u00a0: <\/strong>\u00e9valuation des effets des contrats de plan \u00c9tat-R\u00e9gion sur l\u2019emploi (2016)<\/li>\n<\/ul>\n<p><span style=\"color: #ff6600;\"><strong>Assistance \u00e0 l\u2019\u00e9laboration et \u00e9valuation de politiques environnementales et de d\u00e9veloppement durable<\/strong><\/span><\/p>\n<ul>\n<li><strong>SGAR et DIREN Bourgogne : <\/strong>\u00e9tude de la prise en compte du d\u00e9veloppement durable dans les projets de territoire bourguignons (2007)<\/li>\n<li><strong>ACM (Office HLM Montpellier) : <\/strong>assistance \u00e0 l\u2019\u00e9laboration de l\u2019Agenda 21 (2006-2007)<\/li>\n<li><strong>Parc naturel r\u00e9gional Livradois-Forez<\/strong><strong>: <\/strong>\u00e9valuation et r\u00e9vision de la Charte du PNR Livradois-Forez (2006)<\/li>\n<li><strong>Conseil R\u00e9gional Auvergne : <\/strong>\u00e9tude pr\u00e9alable \u00e0 la r\u00e9daction de l\u2019Agenda 21 r\u00e9gional (2006)<\/li>\n<li><strong>Conseil R\u00e9gional Haute-Normandie : <\/strong>\u00e9tude prospective relative au Parc Naturel R\u00e9gional des Boucles de la Seine Normande (2006-2007)<\/li>\n<li><strong>Minist\u00e8re de l\u2019Ecologie et du D\u00e9veloppement Durable \/ GIP Atelier Technique des Espaces Naturels : <\/strong>animation des s\u00e9minaires 2003 \u00e0 2005 portants sur l\u2019\u00e9valuation des sites Natura 2000 (au sein d\u2019Edater)<\/li>\n<li><strong>Conseil r\u00e9gional d&#8217;Alsace<\/strong> : \u00e9valuation interr\u00e9gionale des PNR Ballons des Vosges, Vosges du Nord et Lorraine (au sein d&#8217;EDATER) (2005)<\/li>\n<\/ul>\n<p><span style=\"color: #ff6600;\"><strong>Assistance \u00e0 ma\u00eetrise d\u2019ouvrage pour l\u2019\u00e9laboration de dispositifs de suivi-\u00e9valuation<\/strong><\/span><\/p>\n<ul>\n<li><strong>Conseil r\u00e9gional PACA : <\/strong>assistance \u00e0 la d\u00e9finition de la strat\u00e9gie d\u2019\u00e9valuation des projets de coop\u00e9ration multi-modules du programme de coop\u00e9ration MED (2015)<\/li>\n<li><strong>Association R\u00e9gionale des Pays d\u2019Auvergne :<\/strong> appui \u00e0 l\u2019auto-\u00e9valuation des GAL LEADER+ d\u2019Auvergne (au sein d\u2019EDATER) (2003\u20132006)<\/li>\n<li><strong>PNR P\u00e9rigord-Limousin : <\/strong>mise en place de l\u2019\u00e9valuation au sein du PNR (au sein d\u2019Edater) (2005)<\/li>\n<li><strong>Parc national de la Vanoise : <\/strong>appui \u00e0 la d\u00e9finition du Dispositif de Suivi-Evaluation de la Charte du Parc (au sein d\u2019Edater) (2004-2005)<\/li>\n<\/ul>\n<p><span style=\"color: #ff6600;\"><strong>Formation &#8211; Accompagnement<\/strong><\/span><\/p>\n<ul>\n<li><strong>Institut d&#8217;Etudes Politiques de Grenoble &#8211; Master &#8220;Politiques publiques de sant\u00e9&#8221; : <\/strong>formation \u00e0 l&#8217;\u00e9valuation des politiques publiques de sant\u00e9 (depuis 2024)<\/li>\n<li><strong>Master \u00ab sant\u00e9 mondiale \u00bb (Lyon 1) <\/strong>: formation \u00e0 l\u2019\u00e9valuation des politiques publiques de sant\u00e9 (depuis 2023)<\/li>\n<li><strong>MASTER IGAPAS (Lyon 3)\u00a0: <\/strong>formation aux acteurs et nouveaux partenariats en sant\u00e9 publique (2016)<\/li>\n<\/ul>\n","protected":false},"excerpt":{"rendered":"<p>Evaluation et accompagnement \u00e0 l&#8217;\u00e9laboration et la mise en \u0153uvre de politiques et programmes de sant\u00e9 globale, sant\u00e9-environnement, Une seule sant\u00e9 :\u00a0 Parc naturel r\u00e9gional des Ardennes : Prestation de compilation d\u2019\u00e9tudes et exp\u00e9rimentations en mati\u00e8re de soin par la nature, reproductibles sur le territoire ardennais dans le cadre du programme INTERREG Ardenne Good Life &hellip; <\/p>\n<p class=\"link-more\"><a href=\"https:\/\/sedetiam-conseil.fr\/index.php\/a-propos-de\/\" class=\"more-link\">Continue reading<span class=\"screen-reader-text\"> &#8220;Nos r\u00e9f\u00e9rences&#8221;<\/span><\/a><\/p>\n","protected":false},"author":1,"featured_media":72,"parent":0,"menu_order":0,"comment_status":"closed","ping_status":"closed","template":"","meta":[],"_links":{"self":[{"href":"https:\/\/sedetiam-conseil.fr\/index.php\/wp-json\/wp\/v2\/pages\/36"}],"collection":[{"href":"https:\/\/sedetiam-conseil.fr\/index.php\/wp-json\/wp\/v2\/pages"}],"about":[{"href":"https:\/\/sedetiam-conseil.fr\/index.php\/wp-json\/wp\/v2\/types\/page"}],"author":[{"embeddable":true,"href":"https:\/\/sedetiam-conseil.fr\/index.php\/wp-json\/wp\/v2\/users\/1"}],"replies":[{"embeddable":true,"href":"https:\/\/sedetiam-conseil.fr\/index.php\/wp-json\/wp\/v2\/comments?post=36"}],"version-history":[{"count":26,"href":"https:\/\/sedetiam-conseil.fr\/index.php\/wp-json\/wp\/v2\/pages\/36\/revisions"}],"predecessor-version":[{"id":245,"href":"https:\/\/sedetiam-conseil.fr\/index.php\/wp-json\/wp\/v2\/pages\/36\/revisions\/245"}],"wp:featuredmedia":[{"embeddable":true,"href":"https:\/\/sedetiam-conseil.fr\/index.php\/wp-json\/wp\/v2\/media\/72"}],"wp:attachment":[{"href":"https:\/\/sedetiam-conseil.fr\/index.php\/wp-json\/wp\/v2\/media?parent=36"}],"curies":[{"name":"wp","href":"https:\/\/api.w.org\/{rel}","templated":true}]}}