{"id":35,"date":"2017-09-30T15:30:35","date_gmt":"2017-09-30T13:30:35","guid":{"rendered":"http:\/\/sedetiam-conseil.fr\/?page_id=35"},"modified":"2025-04-01T20:44:28","modified_gmt":"2025-04-01T18:44:28","slug":"accueil","status":"publish","type":"page","link":"https:\/\/sedetiam-conseil.fr\/","title":{"rendered":"Que faisons-nous ?"},"content":{"rendered":"<p style=\"text-align: left;\">Nous accompagnons la d\u00e9cision publique et ses processus d&#8217;\u00e9laboration, de mise en \u0153uvre, d&#8217;animation et d&#8217;\u00e9valuation.<\/p>\n<p style=\"text-align: left;\">Nous intervenons sur des missions d&#8217;appui \u00e0 l&#8217;\u00e9laboration et \u00e0 la mise en \u0153uvre, ou d&#8217;\u00e9valuation, de politiques, programmes, projets et dispositifs dans les champs :<\/p>\n<p>\u00a0 \u00a0 \u00a0&#8211; de la sant\u00e9 globale (sant\u00e9 environnementale, Une seule sant\u00e9, sant\u00e9 plan\u00e9taire &#8230;)<\/p>\n<p>&#8211; de la pr\u00e9vention-promotion de la sant\u00e9, notamment dans le champ des conduites addictives,<\/p>\n<p>&#8211; du m\u00e9dico-social,<\/p>\n<p>&#8211; des politiques territoriales, \u00e0 dimension sanitaire et\/ou environnementale,<\/p>\n<p>&#8211; des programmes europ\u00e9ens.<br \/>\n<img decoding=\"async\" loading=\"lazy\" class=\"size-full wp-image-118 alignright\" src=\"http:\/\/sedetiam-conseil.fr\/wp-content\/uploads\/2017\/09\/logo.jpg\" alt=\"\" width=\"236\" height=\"104\" \/><\/p>\n<p style=\"text-align: left;\">A travers nos interventions, nous aidons nos clients et leurs partenaires \u00e0 dialoguer, \u00e0 trouver des points de rencontre, \u00e0 co-\u00e9laborer des politiques r\u00e9pondant aux besoins des publics cibl\u00e9s, et \u00e0 mettre en place collectivement des syst\u00e8mes de gouvernance vivables et efficaces. Cet appui devient indispensable dans des contextes budg\u00e9taires et calendaires de plus en plus contraints, qui rendent d\u2019autant plus essentiels la collaboration et la mutualisation des moyens et des outils, le croisement des donn\u00e9es, le partage des expertises, l\u2019acceptation de travailler ensemble.<\/p>\n<p style=\"text-align: left;\">Nos m\u00e9tiers :<\/p>\n<p><img decoding=\"async\" loading=\"lazy\" class=\"alignnone wp-image-225 size-full\" src=\"http:\/\/sedetiam-conseil.fr\/wp-content\/uploads\/2024\/07\/Image1.png\" alt=\"\" width=\"1121\" height=\"793\" srcset=\"https:\/\/sedetiam-conseil.fr\/wp-content\/uploads\/2024\/07\/Image1.png 1121w, https:\/\/sedetiam-conseil.fr\/wp-content\/uploads\/2024\/07\/Image1-300x212.png 300w, https:\/\/sedetiam-conseil.fr\/wp-content\/uploads\/2024\/07\/Image1-1024x724.png 1024w, https:\/\/sedetiam-conseil.fr\/wp-content\/uploads\/2024\/07\/Image1-768x543.png 768w\" sizes=\"(max-width: 767px) 89vw, (max-width: 1000px) 54vw, (max-width: 1071px) 543px, 580px\" \/><\/p>\n","protected":false},"excerpt":{"rendered":"<p>Nous accompagnons la d\u00e9cision publique et ses processus d&#8217;\u00e9laboration, de mise en \u0153uvre, d&#8217;animation et d&#8217;\u00e9valuation. Nous intervenons sur des missions d&#8217;appui \u00e0 l&#8217;\u00e9laboration et \u00e0 la mise en \u0153uvre, ou d&#8217;\u00e9valuation, de politiques, programmes, projets et dispositifs dans les champs : \u00a0 \u00a0 \u00a0&#8211; de la sant\u00e9 globale (sant\u00e9 environnementale, Une seule sant\u00e9, sant\u00e9 &hellip; <\/p>\n<p class=\"link-more\"><a href=\"https:\/\/sedetiam-conseil.fr\/\" class=\"more-link\">Continue reading<span class=\"screen-reader-text\"> &#8220;Que faisons-nous ?&#8221;<\/span><\/a><\/p>\n","protected":false},"author":1,"featured_media":0,"parent":0,"menu_order":0,"comment_status":"closed","ping_status":"closed","template":"","meta":[],"_links":{"self":[{"href":"https:\/\/sedetiam-conseil.fr\/index.php\/wp-json\/wp\/v2\/pages\/35"}],"collection":[{"href":"https:\/\/sedetiam-conseil.fr\/index.php\/wp-json\/wp\/v2\/pages"}],"about":[{"href":"https:\/\/sedetiam-conseil.fr\/index.php\/wp-json\/wp\/v2\/types\/page"}],"author":[{"embeddable":true,"href":"https:\/\/sedetiam-conseil.fr\/index.php\/wp-json\/wp\/v2\/users\/1"}],"replies":[{"embeddable":true,"href":"https:\/\/sedetiam-conseil.fr\/index.php\/wp-json\/wp\/v2\/comments?post=35"}],"version-history":[{"count":20,"href":"https:\/\/sedetiam-conseil.fr\/index.php\/wp-json\/wp\/v2\/pages\/35\/revisions"}],"predecessor-version":[{"id":242,"href":"https:\/\/sedetiam-conseil.fr\/index.php\/wp-json\/wp\/v2\/pages\/35\/revisions\/242"}],"wp:attachment":[{"href":"https:\/\/sedetiam-conseil.fr\/index.php\/wp-json\/wp\/v2\/media?parent=35"}],"curies":[{"name":"wp","href":"https:\/\/api.w.org\/{rel}","templated":true}]}}